{"id":3566,"date":"2025-10-13T10:27:48","date_gmt":"2025-10-13T08:27:48","guid":{"rendered":"https:\/\/www.sieiautomazioni.it\/?page_id=3566"},"modified":"2025-10-13T10:27:50","modified_gmt":"2025-10-13T08:27:50","slug":"informativa-curriculum-vitae","status":"publish","type":"page","link":"https:\/\/www.sieiautomazioni.it\/en\/informativa-curriculum-vitae\/","title":{"rendered":"Informativa Curriculum Vitae"},"content":{"rendered":"\n<p><strong>INFORMATIVA RELATIVA AL TRATTAMENTO DEI DATI PERSONALI<\/strong><strong><\/strong><\/p>\n\n\n\n<p>Questa informativa \u00e8 fornita, ai sensi dell\u2019art. 13 Regolamento UE 2016\/679 (GDPR) agli utenti che interagiscono con il sito web di <strong>SIEI AUTOMAZIONI Srl <\/strong>accessibile per via telematica a partire dall\u2019indirizzo:\u00a0 <a href=\"http:\/\/www.sieiautomazioni.it\">http:\/\/www.sieiautomazioni.it<\/a> corrispondente alla pagina iniziale del sito.<\/p>\n\n\n\n<p>La presente informativa descrive le modalit\u00e0 di gestione ed il conferimento dati in relazione alla compilazione di un form di raccolta dati per la selezione del personale del solo sito web ufficiale dell\u2019azienda.<\/p>\n\n\n\n<p>Informazioni aggiuntive potranno essere fornite all\u2019interno dei differenti canali di accesso, suddivisi sulla base degli argomenti trattati. Altre informative potranno essere previste all\u2019interno del Sito in relazione a specifici servizi.<\/p>\n\n\n\n<h2 class=\"wp-block-heading\">Titolare dei dati: SIEI AUTOMAZIONI Srl<\/h2>\n\n\n\n<h2 class=\"wp-block-heading\">VIALE XXIV MAGGIO 12\/B &#8211; 31015 CONEGLIANO (TV)<\/h2>\n\n\n\n<h2 class=\"wp-block-heading\">Dati di contatto:\u00a0 <a href=\"mailto:privacy@sieiautomazioni.it\">privacy@sieiautomazioni.it<\/a><\/h2>\n\n\n\n<figure class=\"wp-block-table\"><table class=\"has-fixed-layout\"><tbody><tr><td><strong>Finalit\u00e0 del trattamento<\/strong><\/td><td><strong>Base giuridica del trattamento<\/strong><\/td><td><strong>Periodo di conservazione dei dati<\/strong><\/td><\/tr><tr><td>Raccolta dati per selezione del personale; Reclutamento del personale, esecuzione di un eventuale rapporto contrattuale, svolgimento di corsi di formazione e stage; Formalizzazione della candidatura, al fine di un\u2019eventuale selezione e per future selezioni<\/td><td>Esecuzione del contratto di cui l\u2019interessato \u00e8 parte. Legittimo interesse per perseguire finalit\u00e0 di recruiting Consenso dell\u2019interessato<\/td><td>I dati raccolti saranno conservati&nbsp; per due anni<\/td><\/tr><tr><td colspan=\"3\">Decorsi i termini di conservazione sopra indicati, i dati saranno distrutti, cancellati o resi anonimi, compatibilmente con le procedure tecniche di cancellazione e backup.<\/td><\/tr><\/tbody><\/table><\/figure>\n\n\n\n<p><strong>Tipologia dei Dati Trattati e Modalit\u00e0 di Raccolta<\/strong><\/p>\n\n\n\n<p><strong>Dati forniti volontariamente dall\u2019utente<\/strong><\/p>\n\n\n\n<p>L\u2019invio volontario ed esplicito del curriculum vitae agli indirizzi indicati nei differenti canali di accesso di questo sito comporta la successiva acquisizione dello stesso e dei dati del mittente\/utente, necessari per gestire la richiesta. Si assicura, tuttavia, che tale trattamento sar\u00e0 improntato ai principi di correttezza, liceit\u00e0 e trasparenza e di tutela della riservatezza come indicato nel GDPR.<\/p>\n\n\n\n<p><strong>Conferimento dei Dati<\/strong><\/p>\n\n\n\n<p>Il conferimento dei dati personali da parte dell\u2019interessato, per le finalit\u00e0 descritte nel paragrafo precedente \u00e8 da ritenersi obbligatorio. Il loro mancato conferimento pu\u00f2 comportare l\u2019impossibilit\u00e0 di formalizzare l\u2019autocandidatura. In mancanza il Titolare non potr\u00e0 accettare la tua candidatura.<\/p>\n\n\n\n<p><strong>Modalit\u00e0 del Trattamento dei Dati<\/strong><\/p>\n\n\n\n<p>I dati personali sono trattati con strumenti automatizzati per il tempo strettamente necessario a conseguire gli scopi per cui sono raccolti nel rispetto dei principi di liceit\u00e0, limitazione delle finalit\u00e0 e minimizzazione dei dati, ai sensi dell\u2019art. 5 del GDPR e nel rispetto dei tempi obbligatori prescritti dalla legge. Specifiche misure di sicurezza sono osservate per prevenire la perdita dei dati, usi illeciti o non corretti ed accessi non autorizzati.<\/p>\n\n\n\n<p><strong>Comunicazione e\/o Diffusione dei Dati<\/strong><\/p>\n\n\n\n<p>I Suoi dati, oggetto del trattamento, non saranno diffusi ma potranno essere comunicati a societ\u00e0 contrattualmente legate all\u2019azienda, in conformit\u00e0 e nei limiti del GDPR. I dati personali sono conservati su server ubicati all\u2019interno dell\u2019Unione Europea. Resta in ogni caso inteso che il Titolare, ove si rendesse necessario, avr\u00e0 facolt\u00e0 di spostare i server anche extra-UE. In tal caso, il Titolare assicura sin d\u2019ora che il trasferimento dei dati extra-UE avverr\u00e0 in conformit\u00e0 alle disposizioni di legge applicabili, previa stipula delle clausole contrattuali standard previste dalla Commissione Europea e l\u2019utente verr\u00e0 informato.<\/p>\n\n\n\n<p>I dati potranno essere comunicati a terzi appartenenti alle seguenti categorie:<\/p>\n\n\n\n<ul class=\"wp-block-list\">\n<li>soggetti che forniscono servizi per la gestione del sistema informativo usato dall\u2019azienda e delle reti di telecomunicazioni;<\/li>\n\n\n\n<li>studi o societ\u00e0 nell\u2019ambito di rapporti di assistenza e consulenza;<\/li>\n\n\n\n<li>autorit\u00e0 competenti per adempimenti di obblighi di leggi e\/o di disposizioni di organi pubblici, su richiesta.<\/li>\n<\/ul>\n\n\n\n<p>I soggetti appartenenti alle categorie suddette svolgono la funzione di Responsabile del trattamento dei dati, oppure operano in totale autonomia come distinti Titolari del trattamento L\u2019elenco dei responsabili \u00e8 costantemente aggiornato e disponibile presso la sede dell\u2019azienda. Ogni ulteriore comunicazione o diffusione avverr\u00e0 solo previo Suo esplicito consenso.<\/p>\n\n\n\n<p><strong>Eventuale Esistenza di un Processo Decisionale Automatizzato<\/strong><\/p>\n\n\n\n<p>Il titolare informa l&#8217;interessato che in questo sito non esiste un processo decisionale automatizzato, quindi in particolare non esiste un sistema di profilazione.<\/p>\n\n\n\n<p><strong>Minori<\/strong><\/p>\n\n\n\n<p><strong><em>Questo Sito e i Servizi del Titolare non sono destinati a minori di 16 anni <\/em><\/strong>e il Titolare non raccoglie intenzionalmente informazioni personali riferite ai minori. Nel caso in cui informazioni su minori fossero involontariamente registrate, il Titolare le canceller\u00e0 in modo tempestivo, su richiesta degli utenti.<\/p>\n\n\n\n<p><strong>Diritti dell\u2019interessato<\/strong><\/p>\n\n\n\n<p>Gli interessati hanno il diritto di ricevere dall\u2019Azienda informazioni in merito al trattamento effettuato delle informazioni personali mediante mail a:\u00a0 <a href=\"mailto:privacy@sieiautomazioni.it\">privacy@sieiautomazioni.it<\/a><\/p>\n\n\n\n<ul class=\"wp-block-list\">\n<li><strong>Diritto di accesso: <\/strong>siamo trasparenti riguardo ai dati che raccogliamo e all\u2019uso che ne facciamo. Potete contattarci in qualsiasi momento spedendo una mail per accedere alle informazioni in nostro possesso.<\/li>\n\n\n\n<li><strong>Diritto di rettifica:<\/strong> avete il diritto di ottenere la rettifica di eventuali informazioni imprecise o incomplete e richiederne l\u2019aggiornamento e\/o la modifica.<\/li>\n\n\n\n<li><strong>Diritto alla cancellazione: <\/strong>\u00a0inviate una richiesta di cancellazione di tutti i dati che vi riguardano ed entro 30 giorni prenderemo in carico la vostra richiesta.<\/li>\n\n\n\n<li><strong>Diritto di limitazione:<\/strong> avete il diritto di chiedere che il titolare dei dati limiti il trattamento dei vostri dati.<\/li>\n\n\n\n<li><strong>Diritto alla portabilit\u00e0: <\/strong>se ce lo richiedete, esporteremo i vostri dati in modo che possano essere trasferiti a terzi in un formato strutturato e di uso comune e leggibile da dispositivo automatico.<\/li>\n\n\n\n<li><strong>Diritto di opposizione: <\/strong>potrete disiscrivervi in qualsiasi momento da tutti gli usi specifici che facciamo dei vostri dati (newsletter, email automatiche ecc.).<\/li>\n\n\n\n<li><strong>Diritto a proporre un reclamo: <\/strong>se ritenete che i vostri diritti non siano stati rispettati, potrete proporre reclamo all\u2019autorit\u00e0 competente secondo le indicazioni pubblicate sul sito <a href=\"http:\/\/www.garanteprivacy.it\">www.garanteprivacy.it<\/a> o mediante mail a <a href=\"mailto:urp@gpdp.it\">urp@gpdp.it<\/a><br><br><\/li>\n<\/ul>\n\n\n\n<h2 class=\"wp-block-heading\">&nbsp;<\/h2>\n","protected":false},"excerpt":{"rendered":"<p>INFORMATIVA RELATIVA AL TRATTAMENTO DEI DATI PERSONALI Questa informativa \u00e8 fornita, ai sensi dell\u2019art. 13 Regolamento UE 2016\/679 (GDPR) agli utenti che interagiscono con il sito web di SIEI AUTOMAZIONI Srl accessibile per via telematica a partire dall\u2019indirizzo:\u00a0 http:\/\/www.sieiautomazioni.it corrispondente<\/p>\n","protected":false},"author":2,"featured_media":0,"parent":0,"menu_order":0,"comment_status":"closed","ping_status":"closed","template":"","meta":{"footnotes":""},"class_list":["post-3566","page","type-page","status-publish","hentry"],"translation":{"provider":"WPGlobus","version":"3.0.0","language":"en","enabled_languages":["it","en"],"languages":{"it":{"title":true,"content":true,"excerpt":false},"en":{"title":false,"content":false,"excerpt":false}}},"aioseo_notices":[],"_links":{"self":[{"href":"https:\/\/www.sieiautomazioni.it\/en\/wp-json\/wp\/v2\/pages\/3566","targetHints":{"allow":["GET"]}}],"collection":[{"href":"https:\/\/www.sieiautomazioni.it\/en\/wp-json\/wp\/v2\/pages"}],"about":[{"href":"https:\/\/www.sieiautomazioni.it\/en\/wp-json\/wp\/v2\/types\/page"}],"author":[{"embeddable":true,"href":"https:\/\/www.sieiautomazioni.it\/en\/wp-json\/wp\/v2\/users\/2"}],"replies":[{"embeddable":true,"href":"https:\/\/www.sieiautomazioni.it\/en\/wp-json\/wp\/v2\/comments?post=3566"}],"version-history":[{"count":1,"href":"https:\/\/www.sieiautomazioni.it\/en\/wp-json\/wp\/v2\/pages\/3566\/revisions"}],"predecessor-version":[{"id":3567,"href":"https:\/\/www.sieiautomazioni.it\/en\/wp-json\/wp\/v2\/pages\/3566\/revisions\/3567"}],"wp:attachment":[{"href":"https:\/\/www.sieiautomazioni.it\/en\/wp-json\/wp\/v2\/media?parent=3566"}],"curies":[{"name":"wp","href":"https:\/\/api.w.org\/{rel}","templated":true}]}}